{"id":764,"date":"2026-03-21T16:22:43","date_gmt":"2026-03-21T16:22:43","guid":{"rendered":"https:\/\/rodamoya.com\/?page_id=764"},"modified":"2026-03-22T16:29:05","modified_gmt":"2026-03-22T16:29:05","slug":"rf","status":"publish","type":"page","link":"https:\/\/rodamoya.com\/index.php\/rf\/","title":{"rendered":"An\u00e1lisis de posici\u00f3n conservadora durante crisis de Ir\u00e1n:"},"content":{"rendered":"<div style=\"background-color: white; padding: 20px;\">\n<h1><\/h1>\n<p>Dada la creciente incertidumbre debido a la guerra en Ir\u00e1n, el aumento del precio del crudo y una IA que no est\u00e1 devolviendo unas rentabilidades esperadas, hace que cada vez m\u00e1s probable una recesi\u00f3n o bust-econ\u00f3mico. Esta sensaci\u00f3n en el mercado, hace que nos planteemos una redistribuci\u00f3n de la cartera no tan enfocada en renta variable, sino que m\u00e1s enfocada a activos m\u00e1s seguros.<br \/>\nEn el siguiente an\u00e1lisis, voy a centrarme en la renta fija gubernamental como activo conservador m\u00e1s interesante, debido a que el oro se encuentra en una \u00e9poca de alta volatilidad, perdiendo un poco el valor de refugio.<\/p>\n<h2>An\u00e1lisis de renta fija:<\/h2>\n<p>En el siguiente an\u00e1lisis, hemos tenido en cuenta un listado de pa\u00edses de distintas regiones sobre el cual hemos analizado los principales riesgos ligados a la renta fija. Tras el an\u00e1lisis y manteniendo un perfil conservador la conclusi\u00f3n es centrarse en un pa\u00eds de la zona euro como podr\u00eda ser Irlanda y con un bono a C\/P a 1 a\u00f1o. A lo largo del an\u00e1lisis vamos a ir justificando la decisi\u00f3n.<\/p>\n<h3>Riesgo geopol\u00edtico<\/h3>\n<p>La guerra de Ir\u00e1n no solo ha tenido impacto en la renta variable y en el precio del crudo, sino tambi\u00e9n en la renta fija. Como se observa en la tabla, todos los pa\u00edses analizados han registrado una subida del yield a 10 a\u00f1os durante el mes posterior al inicio del conflicto.<br \/>\nEn este contexto, resulta m\u00e1s conveniente optar por bonos a corto plazo, por la flexibilidad que ofrecen. Esto permite mantener una posici\u00f3n conservadora mientras se observa la evoluci\u00f3n de los tipos de inter\u00e9s y, en caso de que los yields a largo plazo aumenten, poder entrar en bonos a mayor vencimiento en condiciones m\u00e1s atractivas.<\/p>\n<div style=\"text-align: center;\"><img decoding=\"async\" style=\"max-width: 100%; height: auto;\" src=\"https:\/\/rodamoya.com\/wp-content\/uploads\/2026\/03\/Bonos_10Y-2.png\" alt=\"Bonos a 10 a\u00f1os y sus variaciones\" \/><\/div>\n<h3>Riesgo de cr\u00e9dito<\/h3>\n<p>En este apartado analizamos la calidad crediticia del emisor soberano a trav\u00e9s del rating y de los CDS (Credit Default Swaps), que act\u00faan como indicador de mercado del riesgo de impago.<br \/>\nAunque en bonos de corto plazo (1 a\u00f1o) el riesgo de cr\u00e9dito tiene menor impacto que en tramos m\u00e1s largos de la curva (5Y, 10Y, 30Y), sigue siendo un factor relevante, especialmente en escenarios de estr\u00e9s financiero o ampliaci\u00f3n de spreads. Por ello, es clave evaluar la solidez del pa\u00eds en el que invertimos.<\/p>\n<div style=\"display: flex; justify-content: center; gap: 30px;\"><img decoding=\"async\" style=\"width: 48%; border-radius: 8px;\" src=\"https:\/\/rodamoya.com\/wp-content\/uploads\/2026\/03\/Rating-1.png\" \/><br \/>\n<img decoding=\"async\" style=\"width: 48%; border-radius: 8px;\" src=\"https:\/\/rodamoya.com\/wp-content\/uploads\/2026\/03\/CDS-1.png\" \/><\/div>\n<p>En el contexto de la zona euro, Irlanda presenta un perfil crediticio s\u00f3lido, posicion\u00e1ndose como el segundo emisor con mayor calidad crediticia, \u00fanicamente por detr\u00e1s de Alemania, lo que refuerza su atractivo dentro de estrategias conservadoras.<\/p>\n<h3>Riesgo Macroecon\u00f3mico \/ estructural<\/h3>\n<p>En este apartado analizamos los fundamentales macroecon\u00f3micos del pa\u00eds, poniendo el foco en la identificaci\u00f3n de posibles desequilibrios estructurales. Para ello, evaluamos m\u00e9tricas clave como la deuda p\u00fablica, el crecimiento econ\u00f3mico y el saldo primario.<br \/>\nLa combinaci\u00f3n de un nivel de deuda contenido, un crecimiento robusto y un super\u00e1vit primario sostenido refuerza la sostenibilidad fiscal del pa\u00eds y su capacidad para cumplir con sus obligaciones de deuda en el medio y largo plazo.<\/p>\n<div style=\"display: flex; justify-content: center; gap: 30px;\"><img decoding=\"async\" style=\"width: 48%; border-radius: 8px;\" src=\"https:\/\/rodamoya.com\/wp-content\/uploads\/2026\/03\/DEBT_GDP-1.png\" \/><br \/>\n<img decoding=\"async\" style=\"width: 48%; border-radius: 8px;\" src=\"https:\/\/rodamoya.com\/wp-content\/uploads\/2026\/03\/Growth_GDP-1.png\" \/><br \/>\n<img decoding=\"async\" style=\"width: 48%; border-radius: 8px;\" src=\"https:\/\/rodamoya.com\/wp-content\/uploads\/2026\/03\/Primary_Balance-1.png\" \/><\/p>\n<\/div>\n<p>Irlanda presenta unos fundamentales macroecon\u00f3micos s\u00f3lidos, con un nivel de endeudamiento contenido (40% del PIB o 65,3% sobre GNI, m\u00e9trica m\u00e1s representativa dada la distorsi\u00f3n del PIB por multinacionales).<br \/>\nA ello se suma un crecimiento del 2,2%, situ\u00e1ndose en el tramo alto de la zona euro, y un super\u00e1vit primario sostenido, que ha contribuido a la reducci\u00f3n de la deuda y refuerza la solidez de sus cuentas p\u00fablicas.<\/p>\n<h3>Curvas de tipos<\/h3>\n<p>El an\u00e1lisis de las curvas de tipos refleja una pendiente positiva generalizada, consistente con un entorno sin se\u00f1ales claras de recesi\u00f3n a corto plazo.<br \/>\nEn la zona euro, los tipos a 1 a\u00f1o se sit\u00faan en el rango del 2%\u20133%, destacando Irlanda con el mayor rendimiento (~2,73%). Este mayor yield, combinado con unos fundamentales s\u00f3lidos y una calidad crediticia elevada, permite capturar un diferencial de rentabilidad frente a emisores core como Alemania (+34 bps) sin asumir un incremento significativo del riesgo.<br \/>\nEn este contexto, Irlanda se posiciona como la opci\u00f3n m\u00e1s atractiva en el tramo corto de la curva, especialmente en estrategias conservadoras orientadas a preservar capital.<\/p>\n<div style=\"text-align: center;\"><img decoding=\"async\" style=\"max-width: 100%; height: auto;\" src=\"https:\/\/rodamoya.com\/wp-content\/uploads\/2026\/03\/Curvas_Tipos-1.png\" alt=\"Bonos a 10 a\u00f1os y sus variaciones\" \/><\/div>\n<h3>Riesgo pol\u00edtico o institucional<\/h3>\n<p>El an\u00e1lisis del riesgo institucional, medido a trav\u00e9s de los Worldwide Governance Indicators (WGI) y el \u00edndice de percepci\u00f3n de corrupci\u00f3n, sit\u00faa a Irlanda entre los pa\u00edses con mayor calidad institucional del universo analizado. Destaca especialmente en dimensiones como la efectividad gubernamental, el estado de derecho y el control de la corrupci\u00f3n.<br \/>\nSi bien el impacto de estos factores es m\u00e1s relevante en horizontes de medio y largo plazo, una s\u00f3lida base institucional act\u00faa como elemento de protecci\u00f3n adicional frente a riesgos extremos. En este contexto, Irlanda presenta un perfil institucional robusto, sin indicios de riesgo significativo para una estrategia de inversi\u00f3n en el tramo corto de la curva.<\/p>\n<div style=\"display: flex; justify-content: center; gap: 30px;\"><img decoding=\"async\" style=\"width: 48%; border-radius: 8px;\" src=\"https:\/\/rodamoya.com\/wp-content\/uploads\/2026\/03\/WGI-1.png\" \/><br \/>\n<img decoding=\"async\" style=\"width: 48%; border-radius: 8px;\" src=\"https:\/\/rodamoya.com\/wp-content\/uploads\/2026\/03\/corruption_index-1.png\" \/><\/div>\n<h3>Conclusi\u00f3n<\/h3>\n<p>En un contexto marcado por la incertidumbre geopol\u00edtica, presiones inflacionarias y dudas sobre el ciclo econ\u00f3mico, resulta razonable adoptar un posicionamiento m\u00e1s defensivo en cartera. En este entorno, la renta fija soberana de corta duraci\u00f3n se presenta como una alternativa eficiente para preservar capital y mantener la flexibilidad, en caso de cambio de ciclo.<br \/>\nDentro del universo analizado, Irlanda destaca por la solidez de sus fundamentales macroecon\u00f3micos, su elevada calidad crediticia y su robustez institucional. Adem\u00e1s, ofrece un diferencial de rentabilidad atractivo frente a emisores core de la zona euro, sin un incremento significativo del riesgo.<br \/>\nEn este sentido, una inversi\u00f3n en bonos soberanos irlandeses a 1 a\u00f1o permite obtener un rendimiento competitivo, alineado con el entorno inflacionario esperado, al tiempo que limita la exposici\u00f3n a riesgo de duraci\u00f3n.<br \/>\nDe cara a los pr\u00f3ximos meses, esta estrategia ofrece flexibilidad para reposicionar la cartera: en un escenario de estabilizaci\u00f3n macroecon\u00f3mica, facilitar\u00eda una rotaci\u00f3n hacia activos de mayor riesgo, mientras que, en un entorno adverso, permitir\u00eda reinvertir en renta fija a niveles de rentabilidad potencialmente m\u00e1s elevados.<\/p>\n<\/div>\n","protected":false},"excerpt":{"rendered":"<p>Dada la creciente incertidumbre debido a la guerra en Ir\u00e1n, el aumento del precio del crudo y una IA que no est\u00e1 devolviendo unas rentabilidades esperadas, hace que cada vez m\u00e1s probable una recesi\u00f3n o bust-econ\u00f3mico. Esta sensaci\u00f3n en el mercado, hace que nos planteemos una redistribuci\u00f3n de la cartera no tan enfocada en renta &hellip; <\/p>\n<p class=\"link-more\"><a href=\"https:\/\/rodamoya.com\/index.php\/rf\/\" class=\"more-link\">Read more<span class=\"screen-reader-text\"> &#8220;An\u00e1lisis de posici\u00f3n conservadora durante crisis de Ir\u00e1n:&#8221;<\/span><\/a><\/p>\n","protected":false},"author":1,"featured_media":0,"parent":0,"menu_order":0,"comment_status":"closed","ping_status":"closed","template":"","meta":[],"_links":{"self":[{"href":"https:\/\/rodamoya.com\/index.php\/wp-json\/wp\/v2\/pages\/764"}],"collection":[{"href":"https:\/\/rodamoya.com\/index.php\/wp-json\/wp\/v2\/pages"}],"about":[{"href":"https:\/\/rodamoya.com\/index.php\/wp-json\/wp\/v2\/types\/page"}],"author":[{"embeddable":true,"href":"https:\/\/rodamoya.com\/index.php\/wp-json\/wp\/v2\/users\/1"}],"replies":[{"embeddable":true,"href":"https:\/\/rodamoya.com\/index.php\/wp-json\/wp\/v2\/comments?post=764"}],"version-history":[{"count":13,"href":"https:\/\/rodamoya.com\/index.php\/wp-json\/wp\/v2\/pages\/764\/revisions"}],"predecessor-version":[{"id":802,"href":"https:\/\/rodamoya.com\/index.php\/wp-json\/wp\/v2\/pages\/764\/revisions\/802"}],"wp:attachment":[{"href":"https:\/\/rodamoya.com\/index.php\/wp-json\/wp\/v2\/media?parent=764"}],"curies":[{"name":"wp","href":"https:\/\/api.w.org\/{rel}","templated":true}]}}